{"id":333,"date":"2018-03-08T18:23:02","date_gmt":"2018-03-08T18:23:02","guid":{"rendered":"http:\/\/theninjamovement.org\/?page_id=333"},"modified":"2018-03-08T18:23:02","modified_gmt":"2018-03-08T18:23:02","slug":"hablar-sobre-el-juego","status":"publish","type":"page","link":"https:\/\/www.theninjamovement.org\/?page_id=333","title":{"rendered":"Hablar Sobre el Juego"},"content":{"rendered":"<h4>No Debe Evitar Hablar Sobre \u201cEl Juego de la Asfixia\u201d<\/h4>\n<p>Los padres y guardianes quiz\u00e1 sean cautelosos si se trata de hablar con sus hijos sobre la seriedad del \u201cJuego de la Asfixia\u201d.\u00a0Quiz\u00e1 se preguntan: \u00bfQu\u00e9 tal si nuestro ni\u00f1o nunca ha escuchado de ese juego y soy yo el que le mete la curiosidad por jugarlo?<\/p>\n<p>Un oficial de DARE lo pone de esta forma:<br \/>\n&#8220;\u00bfPreferir\u00eda que sus hijos escuchen la versi\u00f3n de los adultos con detalles o la versi\u00f3n de ni\u00f1os que lo juegan?&#8221;<\/p>\n<p>Comparta esta informaci\u00f3n con los padres y an\u00edmelos a compartir esta informaci\u00f3n valiosa con sus hijos, especialmente aquellos entre las edades de 7 y 19 a\u00f1os.<\/p>\n<table width=\"764\">\n<tbody>\n<tr>\n<td>\n<h4>Versi\u00f3n del patio de recreo:<\/h4>\n<\/td>\n<td>\n<h4>Realidad:<\/h4>\n<\/td>\n<\/tr>\n<tr>\n<td>Tendr\u00e1s una sensaci\u00f3n c\u00e1lida y confusa.\u00a0No es la gran cosa<\/td>\n<td>Puede sentirse c\u00e1lido y confuso, pero esto se debe a que miles de c\u00e9lulas cerebrales est\u00e1n muriendo.\u00a0C\u00e9lulas cerebrales que nunca recuperar\u00e1s.<\/td>\n<\/tr>\n<tr>\n<td>Nunca pasa nada malo.<\/td>\n<td>No es verdad.\u00a0Puedes desmayarte por la falta de ox\u00edgeno.\u00a0Algunas veces los ni\u00f1os necesitan ser resucitados.<\/td>\n<\/tr>\n<tr>\n<td>Es m\u00e1s seguro que usar drogas.<\/td>\n<td>\u201cEl Juego de la Asfixia\u201d es tan peligroso e igual de adictivo.<\/td>\n<\/tr>\n<tr>\n<td>A veces te mueves&#8230; es muy divertido.<\/td>\n<td>El cuerpo se convulsiona porque el cerebro est\u00e1 sufriendo un ataque.\u00a0En este punto, el da\u00f1o cerebral que tiene lugar no se puede revertir.<\/td>\n<\/tr>\n<tr>\n<td>Es seguro hacerlo si tienes amigos contigo.<\/td>\n<td>NUNCA es seguro.\u00a0La presi\u00f3n sobre los nervios puede causar un ataque card\u00edaco inmediato.<\/td>\n<\/tr>\n<\/tbody>\n<\/table>\n<p>Fuente:\u00a0<a href=\"http:\/\/cultureofsafety.thesilverlining.com\/safety-tips\/the-choking-game\/\">Culture of Safety<\/a><\/p>\n","protected":false},"excerpt":{"rendered":"<p>No Debe Evitar Hablar Sobre \u201cEl Juego de la Asfixia\u201d Los padres y guardianes quiz\u00e1 sean cautelosos si se trata de hablar con sus hijos sobre la seriedad del \u201cJuego de la Asfixia\u201d.\u00a0Quiz\u00e1 se preguntan: \u00bfQu\u00e9 tal si nuestro ni\u00f1o nunca ha escuchado de ese juego y soy yo el que le mete la curiosidad [&hellip;]<\/p>\n","protected":false},"author":1,"featured_media":0,"parent":328,"menu_order":0,"comment_status":"closed","ping_status":"closed","template":"","meta":{"footnotes":""},"_links":{"self":[{"href":"https:\/\/www.theninjamovement.org\/index.php?rest_route=\/wp\/v2\/pages\/333"}],"collection":[{"href":"https:\/\/www.theninjamovement.org\/index.php?rest_route=\/wp\/v2\/pages"}],"about":[{"href":"https:\/\/www.theninjamovement.org\/index.php?rest_route=\/wp\/v2\/types\/page"}],"author":[{"embeddable":true,"href":"https:\/\/www.theninjamovement.org\/index.php?rest_route=\/wp\/v2\/users\/1"}],"replies":[{"embeddable":true,"href":"https:\/\/www.theninjamovement.org\/index.php?rest_route=%2Fwp%2Fv2%2Fcomments&post=333"}],"version-history":[{"count":1,"href":"https:\/\/www.theninjamovement.org\/index.php?rest_route=\/wp\/v2\/pages\/333\/revisions"}],"predecessor-version":[{"id":334,"href":"https:\/\/www.theninjamovement.org\/index.php?rest_route=\/wp\/v2\/pages\/333\/revisions\/334"}],"up":[{"embeddable":true,"href":"https:\/\/www.theninjamovement.org\/index.php?rest_route=\/wp\/v2\/pages\/328"}],"wp:attachment":[{"href":"https:\/\/www.theninjamovement.org\/index.php?rest_route=%2Fwp%2Fv2%2Fmedia&parent=333"}],"curies":[{"name":"wp","href":"https:\/\/api.w.org\/{rel}","templated":true}]}}