{"id":326,"date":"2018-03-08T17:26:21","date_gmt":"2018-03-08T17:26:21","guid":{"rendered":"http:\/\/theninjamovement.org\/?page_id=326"},"modified":"2018-03-08T17:29:49","modified_gmt":"2018-03-08T17:29:49","slug":"presion-de-companeros","status":"publish","type":"page","link":"https:\/\/www.theninjamovement.org\/?page_id=326","title":{"rendered":"Presi\u00f3n de Compa\u00f1eros"},"content":{"rendered":"<p>&#8220;Vamos.\u00a0Todos lo est\u00e1n haciendo&#8221;. Entonces, \u00bft\u00fa por qu\u00e9 no?<\/p>\n<p>Es casi un hecho experimentar frecuentemente la presi\u00f3n del grupo o compa\u00f1eros durante su adolescencia.<\/p>\n<p>Supongamos que te invitan a una fiesta en la que sabes habr\u00e1 alcohol o drogas.\u00a0Un amigo te incita a saltar la clase.\u00a0Alguien te ofrece un cigarrillo.\u00a0O amigos hablan sobre tener sexo con sus novios o novias.\u00a0\u00bfC\u00f3mo respondes?\u00a0\u00bfEst\u00e1s tentado de seguir sus ejemplos?\u00a0\u00bfO puedes permanecer fuerte en tu propio criterio?<\/p>\n<p>En alg\u00fan momento, todos tienen el deseo de encajar en un grupo.\u00a0Si te interesan los deportes, puedes pasar el rato con los &#8220;deportistas&#8221;. Si te interesa la m\u00fasica, pasas tiempo con otras personas que disfrutan de la m\u00fasica.\u00a0Perteneces a ese grupo y te sientes seguro cuando formas parte de \u00e9l.\u00a0El grupo identifica qui\u00e9n eres y lo que est\u00e1s haciendo.<\/p>\n<p>Pero, \u00bfqu\u00e9 ocurre si las personas de &#8220;tu grupo&#8221; comienzan a hacer cosas que son incorrectas, da\u00f1inas o incluso ilegales?\u00a0\u00bfY si estas mismas personas son tus amigos?<\/p>\n<p>Esto es lo que llamamos presi\u00f3n de grupo: la presi\u00f3n para ajustarse a los comportamientos, actitudes y h\u00e1bitos personales del &#8220;grupo&#8221;. En muchos casos existen serios riesgos, tu decisi\u00f3n sobre c\u00f3mo manejar la presi\u00f3n de grupo puede tener grandes consecuencias<\/p>\n<p>Desafortunadamente, la mayor\u00eda de los adolescentes no son aplaudidos por su procesamiento de pensamientos l\u00f3gicos.\u00a0La mayor\u00eda se siente invencible, como si &#8220;nada malo puede pasarme a m\u00ed&#8221;. Pero necesitas evaluar los riesgos con bastante anticipaci\u00f3n.\u00a0Considera estas preguntas antes de sentir la tentaci\u00f3n de seguir a la multitud:<\/p>\n<ul>\n<li>\u00bfPodr\u00eda esto lastimarme f\u00edsicamente?<\/li>\n<li>\u00bfPodr\u00eda esto lastimar a alguien m\u00e1s?<\/li>\n<li>\u00bfEsto es contra la ley?<\/li>\n<li>\u00bfPodr\u00eda ir a la c\u00e1rcel?<\/li>\n<li>Atentando contra mi salud, \u00bfCu\u00e1les son los efectos a largo plazo?\u00a0\u00bfMi educaci\u00f3n?\u00a0\u00bfMis relaciones familiares?<\/li>\n<\/ul>\n<p>Ahora, vi\u00e9ndolo de otro punto de vista, tambi\u00e9n pudieras usar la presi\u00f3n de grupo para tu ventaja.\u00a0Piensa en ello como presi\u00f3n de grupo &#8220;competitiva&#8221;.<\/p>\n<p>Por ejemplo, si eres activo en deportes, tus compa\u00f1eros de equipo probablemente te presionen para que seas lo mejor que puedas ser.\u00a0Si est\u00e1s en el equipo de atletismo, debes seguir el ritmo del corredor m\u00e1s r\u00e1pido, porque sabes que te har\u00e1 mejor.\u00a0Si intentas obtener buenas calificaciones, compara tus grados con los que se encuentran en la parte superior de la lista.\u00a0Si est\u00e1s en la banda musical y hay m\u00fasicos mejores que t\u00fa, te presionan para que te esfuerces por ser el mejor m\u00fasico que t\u00fa puedas ser.<\/p>\n<p><strong>La decisi\u00f3n es tuya<\/strong><\/p>\n<p>En alg\u00fan momento, cada persona debe permanecer sola, incluso cuando es tentada por amigos y otros compa\u00f1eros.\u00a0T\u00fa sabes lo que es correcto, sabes lo que est\u00e1 mal, y solo t\u00fa puedes decidir qu\u00e9 camino tomar.<\/p>\n<p>Preg\u00fantale a casi cualquier persona que haya &#8220;estado all\u00ed, hecho eso&#8221; sobre la presi\u00f3n de grupo.\u00a0La mayor\u00eda de la gente se ha ido con la multitud en alg\u00fan momento de su vida adolescente, y han tenido que vivir con las consecuencias.\u00a0Es probable que escuches que inclinarse ante la presi\u00f3n de los compa\u00f1eros no vali\u00f3 la pena.<\/p>\n<p>Ahora es tu oportunidad de creer en ti mismo y si es necesario, de estar solo algunas veces.\u00a0Cuando te enfrentes a las presiones de grupo, eval\u00faa los riesgos con anticipaci\u00f3n.\u00a0Si no te sientes c\u00f3modo haciendo algo, no dudes en rechazar la invitaci\u00f3n con un &#8220;no, gracias&#8221;.<\/p>\n<p>Aprender a defenderte a ti mismo y tus creencias y a anticipar las consecuencias de tus acciones son pasos importantes para convertirte en un adulto responsable.<\/p>\n<p>Fuente: <a href=\"https:\/\/teens.webmd.com\/peer-pressure#1\" target=\"_blank\" rel=\"noopener\">WebMD, Teens and Peer Pressure<\/a><\/p>\n","protected":false},"excerpt":{"rendered":"<p>&#8220;Vamos.\u00a0Todos lo est\u00e1n haciendo&#8221;. Entonces, \u00bft\u00fa por qu\u00e9 no? Es casi un hecho experimentar frecuentemente la presi\u00f3n del grupo o compa\u00f1eros durante su adolescencia. Supongamos que te invitan a una fiesta en la que sabes habr\u00e1 alcohol o drogas.\u00a0Un amigo te incita a saltar la clase.\u00a0Alguien te ofrece un cigarrillo.\u00a0O amigos hablan sobre tener sexo [&hellip;]<\/p>\n","protected":false},"author":1,"featured_media":0,"parent":328,"menu_order":0,"comment_status":"closed","ping_status":"closed","template":"","meta":{"footnotes":""},"_links":{"self":[{"href":"https:\/\/www.theninjamovement.org\/index.php?rest_route=\/wp\/v2\/pages\/326"}],"collection":[{"href":"https:\/\/www.theninjamovement.org\/index.php?rest_route=\/wp\/v2\/pages"}],"about":[{"href":"https:\/\/www.theninjamovement.org\/index.php?rest_route=\/wp\/v2\/types\/page"}],"author":[{"embeddable":true,"href":"https:\/\/www.theninjamovement.org\/index.php?rest_route=\/wp\/v2\/users\/1"}],"replies":[{"embeddable":true,"href":"https:\/\/www.theninjamovement.org\/index.php?rest_route=%2Fwp%2Fv2%2Fcomments&post=326"}],"version-history":[{"count":1,"href":"https:\/\/www.theninjamovement.org\/index.php?rest_route=\/wp\/v2\/pages\/326\/revisions"}],"predecessor-version":[{"id":327,"href":"https:\/\/www.theninjamovement.org\/index.php?rest_route=\/wp\/v2\/pages\/326\/revisions\/327"}],"up":[{"embeddable":true,"href":"https:\/\/www.theninjamovement.org\/index.php?rest_route=\/wp\/v2\/pages\/328"}],"wp:attachment":[{"href":"https:\/\/www.theninjamovement.org\/index.php?rest_route=%2Fwp%2Fv2%2Fmedia&parent=326"}],"curies":[{"name":"wp","href":"https:\/\/api.w.org\/{rel}","templated":true}]}}