{"id":314,"date":"2017-10-26T18:22:18","date_gmt":"2017-10-26T18:22:18","guid":{"rendered":"http:\/\/theninjamovement.org\/?page_id=314"},"modified":"2017-10-26T18:22:18","modified_gmt":"2017-10-26T18:22:18","slug":"que-debo-hacer","status":"publish","type":"page","link":"https:\/\/www.theninjamovement.org\/?page_id=314","title":{"rendered":"Qu\u00e9 Debo Hacer?"},"content":{"rendered":"<h3>Para prevenir el \u201cJuego de la Asfixia\u201d (Choking Game)\u201d<\/h3>\n<h4>Educadores&#8221;<br \/>\nEvite que los ni\u00f1os jueguen al \u201cJuego de la Asfixia\u201d<\/h4>\n<p>Investigaciones sugieren que cuando se encuentra que un alumno est\u00e1 jugando el &#8220;Juego de la Asfixia&#8221;, inevitablemente otros juegan tambi\u00e9n. Al mantenerse alerta en busca de se\u00f1ales de advertencia, los padres y tutores pueden abordar esta tendencia aterradora antes de que se propague. Comparta la lista de <a href=\"http:\/\/theninjamovement.org\/?page_id=276\">nombres comunes<\/a> que usan los ni\u00f1os para el \u201cChoking Game\u201d con empleados y padres.<\/p>\n<p>\u00bfQu\u00e9 deber\u00eda hacer si descubre ni\u00f1os jugando el &#8220;Juego de la Asfixia&#8221; en sus instalaciones\/escuela? Antes de que comience el ciclo escolar, deje en claro a los ni\u00f1os que existe una pol\u00edtica de tolerancia cero con respecto a la participaci\u00f3n, al igual que con las drogas y el alcohol. D\u00e9 un buen ejemplo siguiendo estrictamente sus pol\u00edticas y explique a los padres por qu\u00e9 su hijo ha sido retirado de las actividades y cu\u00e1n serio es el problema del \u201cJuego de la Asfixia\u201d.<\/p>\n<h4>Observe y Escuche<\/h4>\n<p>Es poco probable que los ni\u00f1os discutan o jueguen el Juego de asfixia en p\u00fablico. Los maestros y programadores de j\u00f3venes necesitar\u00e1n observar y escuchar de cerca a los ni\u00f1os. Los ni\u00f1os que juegan el juego a menudo tienen hematomas o marcas de ligaduras alrededor de sus cuellos. Tambi\u00e9n querr\u00e1 escuchar cualquiera de las docenas de nombres que usan los ni\u00f1os para hablar sobre el juego de asfixia.<\/p>\n<h4>Discuta la actividad abiertamente con ni\u00f1os y padres<\/h4>\n<p>Las personas a menudo dudan en hablar de actividades il\u00edcitas o peligrosas con los ni\u00f1os por temor a presentarles algo que antes no conoc\u00edan. Es cierto que algunos ni\u00f1os no conocen el juego de la asfixia, pero los estudios sugieren que m\u00e1s del 75% de los ni\u00f1os est\u00e1n familiarizados con la actividad, es mucho mejor proporcionarles informaci\u00f3n precisa sobre los peligros antes de que obtengan informaci\u00f3n falsa de alguien en el patio de recreo.<\/p>\n<p>Fuente:\u00a0<a href=\"http:\/\/cultureofsafety.thesilverlining.com\/safety-blog\/2011\/08\/time-to-referee-the-choking-game\">Culture of Safety<\/a><\/p>\n","protected":false},"excerpt":{"rendered":"<p>Para prevenir el \u201cJuego de la Asfixia\u201d (Choking Game)\u201d Educadores&#8221; Evite que los ni\u00f1os jueguen al \u201cJuego de la Asfixia\u201d Investigaciones sugieren que cuando se encuentra que un alumno est\u00e1 jugando el &#8220;Juego de la Asfixia&#8221;, inevitablemente otros juegan tambi\u00e9n. Al mantenerse alerta en busca de se\u00f1ales de advertencia, los padres y tutores pueden abordar [&hellip;]<\/p>\n","protected":false},"author":1,"featured_media":0,"parent":297,"menu_order":0,"comment_status":"closed","ping_status":"closed","template":"","meta":{"footnotes":""},"_links":{"self":[{"href":"https:\/\/www.theninjamovement.org\/index.php?rest_route=\/wp\/v2\/pages\/314"}],"collection":[{"href":"https:\/\/www.theninjamovement.org\/index.php?rest_route=\/wp\/v2\/pages"}],"about":[{"href":"https:\/\/www.theninjamovement.org\/index.php?rest_route=\/wp\/v2\/types\/page"}],"author":[{"embeddable":true,"href":"https:\/\/www.theninjamovement.org\/index.php?rest_route=\/wp\/v2\/users\/1"}],"replies":[{"embeddable":true,"href":"https:\/\/www.theninjamovement.org\/index.php?rest_route=%2Fwp%2Fv2%2Fcomments&post=314"}],"version-history":[{"count":2,"href":"https:\/\/www.theninjamovement.org\/index.php?rest_route=\/wp\/v2\/pages\/314\/revisions"}],"predecessor-version":[{"id":319,"href":"https:\/\/www.theninjamovement.org\/index.php?rest_route=\/wp\/v2\/pages\/314\/revisions\/319"}],"up":[{"embeddable":true,"href":"https:\/\/www.theninjamovement.org\/index.php?rest_route=\/wp\/v2\/pages\/297"}],"wp:attachment":[{"href":"https:\/\/www.theninjamovement.org\/index.php?rest_route=%2Fwp%2Fv2%2Fmedia&parent=314"}],"curies":[{"name":"wp","href":"https:\/\/api.w.org\/{rel}","templated":true}]}}