{"id":307,"date":"2017-10-26T15:57:41","date_gmt":"2017-10-26T15:57:41","guid":{"rendered":"http:\/\/theninjamovement.org\/?page_id=307"},"modified":"2017-10-26T15:57:41","modified_gmt":"2017-10-26T15:57:41","slug":"ninos-buenos-juegan","status":"publish","type":"page","link":"https:\/\/www.theninjamovement.org\/?page_id=307","title":{"rendered":"Ni\u00f1os Buenos Juegan"},"content":{"rendered":"<p>El \u201cJuego de la Asfixia\u201d (Choking Game) es tambi\u00e9n conocido como \u201cDroga de los Ni\u00f1os Buenos\u201d (Good Kids High). Estudios realizados estiman que hasta 1,000 ni\u00f1os mueren cada a\u00f1o a causa del \u201cjuego\u201d; estos adolecentes son mayormente son bien portados, generalmente con altos grados escolares, y exitosos en actividades as\u00ed como en deportes. (Culture of Safety \/ Erikscause.org)<\/p>\n<p>Como padres de familia queremos pensar que nuestros hijos son lo suficientemente inteligentes para no jugar un \u201cjuego\u201d tan peligroso y sin sentido, pero no nos damos cuenta que sus cerebros no est\u00e1n completamente desarrollados para pensar y razonar como adultos. Estudios realizados han demostrado que el cerebro madura y se desarrolla durante la infancia y adolescencia y hasta bien entrada la temprana adultez. Los adolescentes son m\u00e1s propensos a participar en actividades peligrosas o de riesgo.<\/p>\n<p>Muchos padres de familia no entienden por qu\u00e9 sus adolescentes ocasionalmente se comportan de manera impulsiva, irracional o peligrosa. En ocasiones, pareciera que los adolescentes no pensaran las cosas o considerar las posibles consecuencias de sus errores. Los adolescentes se diferencian de los adultos en la forma de comportarse, resolver problemas y tomar decisiones. Hay una explicaci\u00f3n biol\u00f3gica para ello.<\/p>\n<p>Los cient\u00edficos han identificado una regi\u00f3n espec\u00edfica del cerebro llamada la Am\u00edgdala, que es la responsable de las reacciones inmediatas, incluido el miedo y el comportamiento agresivo. Esta regi\u00f3n se desarrolla a temprana edad. Sin embargo, la Corteza Frontal, el \u00e1rea del cerebro que controla el razonamiento y nos ayuda a pensar antes de actuar, se desarrolla hasta despu\u00e9s. Esta parte del cerebro contin\u00faa cambiando y madurando hasta bien entrada la edad adulta.<\/p>\n<p>Basado en la etapa de desarrollo del cerebro, los adolescentes son m\u00e1s propenso a:<\/p>\n<ul>\n<li>Actuar por impulso<\/li>\n<li>Malinterpretar se\u00f1ales y emociones sociales<\/li>\n<li>Envolverse en accidents de todo tipo<\/li>\n<li>Involucrarse en peleas<\/li>\n<li>Participar en actividades arriesgadas\u00a0 o peligrosas<\/li>\n<\/ul>\n<p>Los adolescents son menos propensos a:<\/p>\n<ul>\n<li>Pensar antes de actuar<\/li>\n<li>Detenerse para considerer las consecuencias de sus actos<\/li>\n<li>Cambiar sus comportamientos inapropiados o peligrosos<\/li>\n<\/ul>\n<p><a href=\"https:\/\/www.aacap.org\/AACAP\/Families_and_Youth\/Facts_for_Families\/FFF-Guide\/The-Teen-Brain-Behavior-Problem-Solving-and-Decision-Making-095.aspx\">aacap.org<\/a><\/p>\n","protected":false},"excerpt":{"rendered":"<p>El \u201cJuego de la Asfixia\u201d (Choking Game) es tambi\u00e9n conocido como \u201cDroga de los Ni\u00f1os Buenos\u201d (Good Kids High). Estudios realizados estiman que hasta 1,000 ni\u00f1os mueren cada a\u00f1o a causa del \u201cjuego\u201d; estos adolecentes son mayormente son bien portados, generalmente con altos grados escolares, y exitosos en actividades as\u00ed como en deportes. (Culture of [&hellip;]<\/p>\n","protected":false},"author":1,"featured_media":0,"parent":297,"menu_order":0,"comment_status":"closed","ping_status":"closed","template":"","meta":{"footnotes":""},"_links":{"self":[{"href":"https:\/\/www.theninjamovement.org\/index.php?rest_route=\/wp\/v2\/pages\/307"}],"collection":[{"href":"https:\/\/www.theninjamovement.org\/index.php?rest_route=\/wp\/v2\/pages"}],"about":[{"href":"https:\/\/www.theninjamovement.org\/index.php?rest_route=\/wp\/v2\/types\/page"}],"author":[{"embeddable":true,"href":"https:\/\/www.theninjamovement.org\/index.php?rest_route=\/wp\/v2\/users\/1"}],"replies":[{"embeddable":true,"href":"https:\/\/www.theninjamovement.org\/index.php?rest_route=%2Fwp%2Fv2%2Fcomments&post=307"}],"version-history":[{"count":1,"href":"https:\/\/www.theninjamovement.org\/index.php?rest_route=\/wp\/v2\/pages\/307\/revisions"}],"predecessor-version":[{"id":309,"href":"https:\/\/www.theninjamovement.org\/index.php?rest_route=\/wp\/v2\/pages\/307\/revisions\/309"}],"up":[{"embeddable":true,"href":"https:\/\/www.theninjamovement.org\/index.php?rest_route=\/wp\/v2\/pages\/297"}],"wp:attachment":[{"href":"https:\/\/www.theninjamovement.org\/index.php?rest_route=%2Fwp%2Fv2%2Fmedia&parent=307"}],"curies":[{"name":"wp","href":"https:\/\/api.w.org\/{rel}","templated":true}]}}