{"id":276,"date":"2017-10-24T17:51:25","date_gmt":"2017-10-24T17:51:25","guid":{"rendered":"http:\/\/theninjamovement.org\/?page_id=276"},"modified":"2017-10-24T18:24:37","modified_gmt":"2017-10-24T18:24:37","slug":"otros-nombres","status":"publish","type":"page","link":"https:\/\/www.theninjamovement.org\/?page_id=276","title":{"rendered":"Otros Nombres"},"content":{"rendered":"<p>Muchos j\u00f3venes y ni\u00f1os hablan abiertamente acerca del &#8220;Choking Game&#8221; ya que no es ilegal ni violan ninguna ley al hacerlo. Docenas de\u00a0t\u00e9rmino o nombres aparentemente graciosos se han usado para describir esta pr\u00e1ctica, y los padres de familia tienen que saber identificar si los ni\u00f1os est\u00e1n hablando de este \u201cjuego\u201d. A continuaci\u00f3n una lista de otros nombres con los que se conoce el &#8220;Choking Game&#8221;, los que se encuentran marcados con asterisco (*) son los m\u00e1s populares en Estados Unidos.<\/p>\n<table border=\"0\" frame=\"border\" rules=\"rows\" cellspacing=\"0\" cellpadding=\"10\">\n<tbody>\n<tr valign=\"middle\">\n<td>\n<h4>America Slang Names<\/h4>\n<\/td>\n<td>\n<h4>Common Names in Europe<\/h4>\n<\/td>\n<\/tr>\n<tr>\n<td valign=\"top\">\n<ul>\n<li>5 Minutes of Heaven<\/li>\n<li>Airplaning<\/li>\n<li>America Dreaming *<\/li>\n<li>Black Out *<\/li>\n<li>Black Hole<\/li>\n<li>California High<\/li>\n<li>Choke Out<\/li>\n<li>Cloud Nine<\/li>\n<li>Flat Liner<\/li>\n<li>Funky Chicken<\/li>\n<li>Hangman<\/li>\n<li>Harvey Wall Banger<\/li>\n<li>High Riser<\/li>\n<li>Hyperventilating<\/li>\n<li>Knock-Out<\/li>\n<li>Lions and Tigers<\/li>\n<li>Natural High<\/li>\n<li>Purple Dragon *<\/li>\n<li>Rising Sun<\/li>\n<li>Rush<\/li>\n<li>Sleeping Game *<\/li>\n<li>Sleeper Hold *<\/li>\n<li>Snuff<\/li>\n<li>Something Dreaming<\/li>\n<li>Space Cowboy<\/li>\n<li>Space Monkey *<\/li>\n<li>Speed Dreaming<\/li>\n<li>Suffocation Roulette<\/li>\n<li>Twitching Game<\/li>\n<\/ul>\n<\/td>\n<td valign=\"top\">\n<ul>\n<li>Blue Dream,<\/li>\n<li>Coma<\/li>\n<li>Cosmos<\/li>\n<li>Fainting Fit<\/li>\n<li>Frog<\/li>\n<li>Indian Dream<\/li>\n<li>Lung&#8217;s Game,<\/li>\n<li>Napkins Game<\/li>\n<li>Tomatoes Game<\/li>\n<\/ul>\n<\/td>\n<\/tr>\n<tr>\n<td>Source: <a href=\"http:\/\/cultureofsafety.thesilverlining.com\/safety-tips\/the-choking-game\/\" target=\"_blank\" rel=\"noopener\">Culture of Safety<\/a><\/td>\n<td>Source: <a href=\"https:\/\/jeudufoulard.com\/english\/\" target=\"_blank\" rel=\"noopener\">APEAS<\/a> (France)<\/td>\n<\/tr>\n<\/tbody>\n<\/table>\n","protected":false},"excerpt":{"rendered":"<p>Muchos j\u00f3venes y ni\u00f1os hablan abiertamente acerca del &#8220;Choking Game&#8221; ya que no es ilegal ni violan ninguna ley al hacerlo. Docenas de\u00a0t\u00e9rmino o nombres aparentemente graciosos se han usado para describir esta pr\u00e1ctica, y los padres de familia tienen que saber identificar si los ni\u00f1os est\u00e1n hablando de este \u201cjuego\u201d. A continuaci\u00f3n una lista [&hellip;]<\/p>\n","protected":false},"author":1,"featured_media":0,"parent":244,"menu_order":0,"comment_status":"closed","ping_status":"closed","template":"","meta":{"footnotes":""},"_links":{"self":[{"href":"https:\/\/www.theninjamovement.org\/index.php?rest_route=\/wp\/v2\/pages\/276"}],"collection":[{"href":"https:\/\/www.theninjamovement.org\/index.php?rest_route=\/wp\/v2\/pages"}],"about":[{"href":"https:\/\/www.theninjamovement.org\/index.php?rest_route=\/wp\/v2\/types\/page"}],"author":[{"embeddable":true,"href":"https:\/\/www.theninjamovement.org\/index.php?rest_route=\/wp\/v2\/users\/1"}],"replies":[{"embeddable":true,"href":"https:\/\/www.theninjamovement.org\/index.php?rest_route=%2Fwp%2Fv2%2Fcomments&post=276"}],"version-history":[{"count":3,"href":"https:\/\/www.theninjamovement.org\/index.php?rest_route=\/wp\/v2\/pages\/276\/revisions"}],"predecessor-version":[{"id":285,"href":"https:\/\/www.theninjamovement.org\/index.php?rest_route=\/wp\/v2\/pages\/276\/revisions\/285"}],"up":[{"embeddable":true,"href":"https:\/\/www.theninjamovement.org\/index.php?rest_route=\/wp\/v2\/pages\/244"}],"wp:attachment":[{"href":"https:\/\/www.theninjamovement.org\/index.php?rest_route=%2Fwp%2Fv2%2Fmedia&parent=276"}],"curies":[{"name":"wp","href":"https:\/\/api.w.org\/{rel}","templated":true}]}}