{"id":270,"date":"2017-10-24T16:19:19","date_gmt":"2017-10-24T16:19:19","guid":{"rendered":"http:\/\/theninjamovement.org\/?page_id=270"},"modified":"2017-10-24T17:44:08","modified_gmt":"2017-10-24T17:44:08","slug":"comportamientos-adictivos","status":"publish","type":"page","link":"https:\/\/www.theninjamovement.org\/?page_id=270","title":{"rendered":"Actividades Adictivas"},"content":{"rendered":"<p>Hasta ahora la mayor\u00eda de los padres de familia entienden el riesgo de las drogas y algunos padres han empezado a tomar precauciones para asegurarse que sus hijos no est\u00e9n abusando de las medicinas sin receta que se encuentran en los hogares. Es importante reconocer el peligro que existe en esas substancias y hablar con los ni\u00f1os y adolecentes acerca de ellos, a la vez es importante no perder de vista los comportamientos (conductas o actividades) que pueden ser igualmente peligrosos. El \u201cJuego de la Asfixia\u201d (Choking Game), una actividad en que los adolecentes se estrangulan ellos mismos o uno a otro entre los adolecentes, para obtener un \u00e9xtasis moment\u00e1neo al privar de ox\u00edgeno al cerebro, es uno de tantos juegos peligrosos que los muchachos juegan.<\/p>\n<p>Tradicionalmente las adicciones se relacionaban con la necesidad por una substancia como tabaco o alcohol (y por supuesto medicamentos controlados o drogas); sin embrago esta definici\u00f3n est\u00e1 cambiando. Las adicciones que se relacionan con comportamientos, como el exceso de juegos de azar o Internet, son actualmente objeto de mucha investigaci\u00f3n. De hecho, en la reciente actualizaci\u00f3n a la herramienta usada para diagnosticar desordenes y problemas mentales, el DSM-V, se incluy\u00f3 la categor\u00eda del comportamiento adictivo, el cual se hab\u00eda excluido anteriormente.<\/p>\n<p>Como resultado de estos desarrollos, las actualizaciones a la definici\u00f3n de adicci\u00f3n incluyen los siguientes atributos:<\/p>\n<ul>\n<li>El comportamiento\/actividad contin\u00faa a pesar de los efectos adversos.<\/li>\n<li>El individuo adicto demuestra una p\u00e9rdida de control, la cual incluye la dificultad para reducir, cumplir con los l\u00edmites definidos por \u00e9l mismo, o detenerse una vez que empieza el comportamiento\/actividad.<\/li>\n<li>El deseo y necesidad por realizar el comportamiento\/actividad.<\/li>\n<\/ul>\n<p>&nbsp;<\/p>\n<p>Fuente: <a href=\"http:\/\/cultureofsafety.thesilverlining.com\/safety-blog\/2013\/07\/ask-the-experts-is-the-choking-game-addictive\">Culture of Safety<\/a><\/p>\n","protected":false},"excerpt":{"rendered":"<p>Hasta ahora la mayor\u00eda de los padres de familia entienden el riesgo de las drogas y algunos padres han empezado a tomar precauciones para asegurarse que sus hijos no est\u00e9n abusando de las medicinas sin receta que se encuentran en los hogares. Es importante reconocer el peligro que existe en esas substancias y hablar con [&hellip;]<\/p>\n","protected":false},"author":1,"featured_media":0,"parent":244,"menu_order":0,"comment_status":"closed","ping_status":"closed","template":"","meta":{"footnotes":""},"_links":{"self":[{"href":"https:\/\/www.theninjamovement.org\/index.php?rest_route=\/wp\/v2\/pages\/270"}],"collection":[{"href":"https:\/\/www.theninjamovement.org\/index.php?rest_route=\/wp\/v2\/pages"}],"about":[{"href":"https:\/\/www.theninjamovement.org\/index.php?rest_route=\/wp\/v2\/types\/page"}],"author":[{"embeddable":true,"href":"https:\/\/www.theninjamovement.org\/index.php?rest_route=\/wp\/v2\/users\/1"}],"replies":[{"embeddable":true,"href":"https:\/\/www.theninjamovement.org\/index.php?rest_route=%2Fwp%2Fv2%2Fcomments&post=270"}],"version-history":[{"count":3,"href":"https:\/\/www.theninjamovement.org\/index.php?rest_route=\/wp\/v2\/pages\/270\/revisions"}],"predecessor-version":[{"id":274,"href":"https:\/\/www.theninjamovement.org\/index.php?rest_route=\/wp\/v2\/pages\/270\/revisions\/274"}],"up":[{"embeddable":true,"href":"https:\/\/www.theninjamovement.org\/index.php?rest_route=\/wp\/v2\/pages\/244"}],"wp:attachment":[{"href":"https:\/\/www.theninjamovement.org\/index.php?rest_route=%2Fwp%2Fv2%2Fmedia&parent=270"}],"curies":[{"name":"wp","href":"https:\/\/api.w.org\/{rel}","templated":true}]}}