{"id":261,"date":"2017-10-23T23:02:03","date_gmt":"2017-10-23T23:02:03","guid":{"rendered":"http:\/\/theninjamovement.org\/?page_id=261"},"modified":"2017-10-24T17:54:43","modified_gmt":"2017-10-24T17:54:43","slug":"se-puede-crear-adiccion","status":"publish","type":"page","link":"https:\/\/www.theninjamovement.org\/?page_id=261","title":{"rendered":"Puede ser Adictivo"},"content":{"rendered":"<p>Quiz\u00e1 fuiste uno de aquellos que en su ni\u00f1ez jugaron a retener la respiraci\u00f3n hasta que sent\u00edas que te desmayabas, o deliberadamente respirabas r\u00e1pido para sentirte mareado, o tal vez correr r\u00e1pidamente regresar junto a un compa\u00f1ero, te abrazaba fuertemente por detr\u00e1s hasta que te desmayabas. Juegos como este nac\u00edan m\u00e1s que nada por curiosidad o deseo de experimentar con los cuerpos y sensaciones. Eran considerados algo emocionante de hacer alejados de los ojos curiosos de los padres de familia mientras se reun\u00eda un grupo de compa\u00f1ero en una fiesta de pijamas.<\/p>\n<p>Estos juegos no eran considerados de un terrible riesgo en ese entonces, y si es que se desmayaban r\u00e1pidamente volv\u00edan a respirar. Pero ahora los ni\u00f1os est\u00e1n jugando una versi\u00f3n de este juego m\u00e1s peligrosa, versi\u00f3n que puede terminar con una lesi\u00f3n permanente o incluso la muerte.<\/p>\n<p>El \u201cJuego de la Asfixia\u201d (Choking Game)\u00a0es una actividad que puede envolver el uso de las manos, brazos, cuerdas, agujetas, cordones, bufandas, cadenas o cinturones que se aprietan alrededor del cuello (algunas veces del pecho) para cortar el suministro de ox\u00edgeno al cuerpo. Cuando se quita la presi\u00f3n, el regreso de la sangre al cerebro les da un \u00e9xtasis temporal. Ni\u00f1os de entre las edades de 9 a 15 a\u00f1os consideran esto una forma excitante obteniendo una \u201csensaci\u00f3n de euforia\u201d sin tener que usar drogas o alcohol.<\/p>\n<p>Lo que los ni\u00f1os no saben es que esa sensaci\u00f3n de \u00e9xtasis que este juego produce puede convertirse en una adicci\u00f3n, y que adem\u00e1s el juego puede ser peligroso, especialmente cuando se juega a solas. Un ni\u00f1o jugando a solas el \u201cJuego de la Asfixia\u201d puede perder la conciencia en un minuto. Sin nadie cerca de \u00e9l para aflojarle el objeto que le est\u00e1 obstruyendo el cuello, la muerte puede ocurrir en otros dos a cuatro minutos.<\/p>\n<p>Incluso esos ni\u00f1os que han jugado el juego en grupo con otros amigos corren el riesgo de tener da\u00f1os permanentes como da\u00f1o cerebral o da\u00f1os en la retina.<\/p>\n<p>Fuente: <a href=\"http:\/\/www.crchealth.com\/troubled-teenagers\/choking-game\/\">CRC Health<\/a><\/p>\n","protected":false},"excerpt":{"rendered":"<p>Quiz\u00e1 fuiste uno de aquellos que en su ni\u00f1ez jugaron a retener la respiraci\u00f3n hasta que sent\u00edas que te desmayabas, o deliberadamente respirabas r\u00e1pido para sentirte mareado, o tal vez correr r\u00e1pidamente regresar junto a un compa\u00f1ero, te abrazaba fuertemente por detr\u00e1s hasta que te desmayabas. Juegos como este nac\u00edan m\u00e1s que nada por curiosidad [&hellip;]<\/p>\n","protected":false},"author":1,"featured_media":0,"parent":244,"menu_order":0,"comment_status":"closed","ping_status":"closed","template":"","meta":{"footnotes":""},"_links":{"self":[{"href":"https:\/\/www.theninjamovement.org\/index.php?rest_route=\/wp\/v2\/pages\/261"}],"collection":[{"href":"https:\/\/www.theninjamovement.org\/index.php?rest_route=\/wp\/v2\/pages"}],"about":[{"href":"https:\/\/www.theninjamovement.org\/index.php?rest_route=\/wp\/v2\/types\/page"}],"author":[{"embeddable":true,"href":"https:\/\/www.theninjamovement.org\/index.php?rest_route=\/wp\/v2\/users\/1"}],"replies":[{"embeddable":true,"href":"https:\/\/www.theninjamovement.org\/index.php?rest_route=%2Fwp%2Fv2%2Fcomments&post=261"}],"version-history":[{"count":5,"href":"https:\/\/www.theninjamovement.org\/index.php?rest_route=\/wp\/v2\/pages\/261\/revisions"}],"predecessor-version":[{"id":267,"href":"https:\/\/www.theninjamovement.org\/index.php?rest_route=\/wp\/v2\/pages\/261\/revisions\/267"}],"up":[{"embeddable":true,"href":"https:\/\/www.theninjamovement.org\/index.php?rest_route=\/wp\/v2\/pages\/244"}],"wp:attachment":[{"href":"https:\/\/www.theninjamovement.org\/index.php?rest_route=%2Fwp%2Fv2%2Fmedia&parent=261"}],"curies":[{"name":"wp","href":"https:\/\/api.w.org\/{rel}","templated":true}]}}