{"id":253,"date":"2017-10-23T17:23:12","date_gmt":"2017-10-23T17:23:12","guid":{"rendered":"http:\/\/theninjamovement.org\/?page_id=253"},"modified":"2018-03-08T18:42:06","modified_gmt":"2018-03-08T18:42:06","slug":"es-seguro-jugarlo","status":"publish","type":"page","link":"https:\/\/www.theninjamovement.org\/?page_id=253","title":{"rendered":"\u00bfEs Seguro Jugarlo?"},"content":{"rendered":"<h4>\u00a1Definitivamente no es seguro!<\/h4>\n<h6><strong>\u00a1El \u201cJuego de la Asfixia\u201d (Choking Game) NO es un juego!<\/strong><br \/>\n<strong>Puede causar da\u00f1o cerebral irreversible, o peor a\u00fan, la misma muerte.<\/strong><\/h6>\n<p>El \u201cJuego de la Asfixia\u201d (Choking Game) es extremadamente peligroso. Cuando los participantes tratan de asfixiarse ellos mismos es f\u00e1cil desmayarse y morir estrangulado con un objeto en su cuello. Doctores y profesionales de la salud estiman que docenas de ni\u00f1os y adolecentes han muerto mientras practican este llamado \u201cjuego\u201d, y tristemente, muchos m\u00e1s de ellos se han catalogado como suicidios pero en realidad son atribuidos al \u201cJuego de la Asfixia\u201d. Inclusive con otros ni\u00f1os presentes mientras juegan, alguien puede f\u00e1cilmente perder la consciencia y terminar con da\u00f1o cerebral severo.<\/p>\n<p>Los ni\u00f1os y \u00a0adolescentes no saben que estas t\u00e9cnicas pueden causarles un da\u00f1o severo, quedar en estado vegetativo terminar en un accidente mortal. Muchos ni\u00f1os tratan de \u201cjugar\u201d solos usando una ligadura, y esta es la causa de la mayor\u00eda de las muertes ya que no se dan cuenta cuando se van a desmayar, pierden el conocimiento y termina en una asfixia accidental. \u00a1Mata m\u00e1s r\u00e1pido que las drogas! \u00a1Nunca es seguro \u201cjugarlo\u201d!<\/p>\n<p>Erikscause.org, CRC Health y Culture of Safety entre otros, reportan que los adolecentes pueden terminar adictos al \u201cJuego de la Asfixia\u201d por la sensaci\u00f3n que experimentan, sin darse cuenta que su cerebro est\u00e1 muriendo poco a poco.<\/p>\n","protected":false},"excerpt":{"rendered":"<p>\u00a1Definitivamente no es seguro! \u00a1El \u201cJuego de la Asfixia\u201d (Choking Game) NO es un juego! Puede causar da\u00f1o cerebral irreversible, o peor a\u00fan, la misma muerte. El \u201cJuego de la Asfixia\u201d (Choking Game) es extremadamente peligroso. Cuando los participantes tratan de asfixiarse ellos mismos es f\u00e1cil desmayarse y morir estrangulado con un objeto en su [&hellip;]<\/p>\n","protected":false},"author":1,"featured_media":0,"parent":244,"menu_order":0,"comment_status":"closed","ping_status":"closed","template":"","meta":{"footnotes":""},"_links":{"self":[{"href":"https:\/\/www.theninjamovement.org\/index.php?rest_route=\/wp\/v2\/pages\/253"}],"collection":[{"href":"https:\/\/www.theninjamovement.org\/index.php?rest_route=\/wp\/v2\/pages"}],"about":[{"href":"https:\/\/www.theninjamovement.org\/index.php?rest_route=\/wp\/v2\/types\/page"}],"author":[{"embeddable":true,"href":"https:\/\/www.theninjamovement.org\/index.php?rest_route=\/wp\/v2\/users\/1"}],"replies":[{"embeddable":true,"href":"https:\/\/www.theninjamovement.org\/index.php?rest_route=%2Fwp%2Fv2%2Fcomments&post=253"}],"version-history":[{"count":6,"href":"https:\/\/www.theninjamovement.org\/index.php?rest_route=\/wp\/v2\/pages\/253\/revisions"}],"predecessor-version":[{"id":339,"href":"https:\/\/www.theninjamovement.org\/index.php?rest_route=\/wp\/v2\/pages\/253\/revisions\/339"}],"up":[{"embeddable":true,"href":"https:\/\/www.theninjamovement.org\/index.php?rest_route=\/wp\/v2\/pages\/244"}],"wp:attachment":[{"href":"https:\/\/www.theninjamovement.org\/index.php?rest_route=%2Fwp%2Fv2%2Fmedia&parent=253"}],"curies":[{"name":"wp","href":"https:\/\/api.w.org\/{rel}","templated":true}]}}