{"id":244,"date":"2017-10-23T15:18:03","date_gmt":"2017-10-23T15:18:03","guid":{"rendered":"http:\/\/theninjamovement.org\/?page_id=244"},"modified":"2017-10-24T18:06:00","modified_gmt":"2017-10-24T18:06:00","slug":"el-juego-del-choking","status":"publish","type":"page","link":"https:\/\/www.theninjamovement.org\/?page_id=244","title":{"rendered":"El Juego de la Asfixia"},"content":{"rendered":"<p>El \u201cJuego de la Asfixia\u201d (Choking Game) tambi\u00e9n se le conoce como \u201cPlacer\/Droga de los Ni\u00f1os Buenos\u201d (Good Kids high), se define como estrangularse (Pudiera ser a solas o con ayuda de alguien m\u00e1s) con las manos o la nariz para obtener un estado moment\u00e1neo de euforia causada por la obstrucci\u00f3n de ox\u00edgeno subministrado al cerebro. M\u00e1s de un 75% de los ni\u00f1os entre las edades de 9 a 16 a\u00f1os conocen c\u00f3mo se \u201cjuega\u201d o hasta lo han jugado. Estudios sugieren que m\u00e1s de 250 ni\u00f1os han muerto desde el a\u00f1o 2001; la mayor\u00eda de ellos son ni\u00f1os exitosos y bien portados entre las edades de 11 a 17. Sorprendentemente, \u00fanicamente un 25% de los padres han escuchado acerca del \u201cjuego\u201d y solamente 7% de los padres de las v\u00edctimas saben de este juego antes de la tragedia. (<a href=\"http:\/\/cultureofsafety.thesilverlining.com\/safety-tips\/the-choking-game\/\">Culture of Safety<\/a>)<\/p>\n<p>En el p\u00e1rrafo anterior, <em>Culture of Safety<\/em> reporta un n\u00famero conservador de v\u00edctimas, pero hay estudios que demuestran que hasta 1000 ni\u00f1os fallecen al a\u00f1o por causa de este \u201cjuego\u201d; estos ni\u00f1os y adolescentes son ni\u00f1os bien portados, generalmente con buenas calificaciones y exitosos en actividades y deportes.<\/p>\n<p>Aunque esta actividad se ha empezado a reportar oficialmente desde el a\u00f1o 1995 entre ni\u00f1os y adolescentes en edades de 6 a 19 a\u00f1os de acuerdo a <a href=\"https:\/\/www.cdc.gov\/mmwr\/preview\/mmwrhtml\/mm5706a1.htm\">CDC<\/a>\u00a0(Centro de Control de Enfermedades y Prevenci\u00f3n) nosotros hemos escuchado testimonios de gente que dicen haber presenciado otros ni\u00f1os jugando una especie de \u201cJuego del Desmayo\u201d (pass-out game) en los a\u00f1os 80\u2019s, 70\u2019s incluso en los 60\u2019s. Otras personas han reconocido haberlo jugado con amigos, primos incluso con hermanos(as) ignorando por completo el peligro que esta actividad implica.<\/p>\n<p>El CDC define el \u201cJuego de la Asfixia\u201d (Choking Game) como Estrangulaci\u00f3n no-intencional, pero en muchos casos por falta de se\u00f1ales o pruebas para identificar una muerte por causa del \u201cJuego de la Asfixia\u201d, esas muertes son clasificadas err\u00f3neamente como suicidios, es por ello que se desconoce una cifra exacta por esta pr\u00e1ctica.<\/p>\n<p>De acuerdo al sitio de internet de <a href=\"http:\/\/www.erikscause.org\/choking_game\">erikscause.org<\/a> \u00a0las fatalidades por esta causa siguen en aumento, igualmente reafirman lo mencionado anteriormente y no dudan que las muertes por causa de este juego va mucho m\u00e1s all\u00e1 de las cifras conservadoras que reportan oficialmente, mencionan adem\u00e1s que muchos casos frecuentemente no son reportados.<\/p>\n","protected":false},"excerpt":{"rendered":"<p>El \u201cJuego de la Asfixia\u201d (Choking Game) tambi\u00e9n se le conoce como \u201cPlacer\/Droga de los Ni\u00f1os Buenos\u201d (Good Kids high), se define como estrangularse (Pudiera ser a solas o con ayuda de alguien m\u00e1s) con las manos o la nariz para obtener un estado moment\u00e1neo de euforia causada por la obstrucci\u00f3n de ox\u00edgeno subministrado al [&hellip;]<\/p>\n","protected":false},"author":1,"featured_media":0,"parent":0,"menu_order":0,"comment_status":"closed","ping_status":"closed","template":"","meta":{"footnotes":""},"_links":{"self":[{"href":"https:\/\/www.theninjamovement.org\/index.php?rest_route=\/wp\/v2\/pages\/244"}],"collection":[{"href":"https:\/\/www.theninjamovement.org\/index.php?rest_route=\/wp\/v2\/pages"}],"about":[{"href":"https:\/\/www.theninjamovement.org\/index.php?rest_route=\/wp\/v2\/types\/page"}],"author":[{"embeddable":true,"href":"https:\/\/www.theninjamovement.org\/index.php?rest_route=\/wp\/v2\/users\/1"}],"replies":[{"embeddable":true,"href":"https:\/\/www.theninjamovement.org\/index.php?rest_route=%2Fwp%2Fv2%2Fcomments&post=244"}],"version-history":[{"count":4,"href":"https:\/\/www.theninjamovement.org\/index.php?rest_route=\/wp\/v2\/pages\/244\/revisions"}],"predecessor-version":[{"id":280,"href":"https:\/\/www.theninjamovement.org\/index.php?rest_route=\/wp\/v2\/pages\/244\/revisions\/280"}],"wp:attachment":[{"href":"https:\/\/www.theninjamovement.org\/index.php?rest_route=%2Fwp%2Fv2%2Fmedia&parent=244"}],"curies":[{"name":"wp","href":"https:\/\/api.w.org\/{rel}","templated":true}]}}