{"id":2,"date":"2016-05-10T03:48:21","date_gmt":"2016-05-10T03:48:21","guid":{"rendered":"http:\/\/theninjamovement.org\/?page_id=2"},"modified":"2018-11-08T19:18:00","modified_gmt":"2018-11-08T19:18:00","slug":"sample-page","status":"publish","type":"page","link":"https:\/\/www.theninjamovement.org\/","title":{"rendered":"Unnecessary Death \/ Una Perdida Innecesaria"},"content":{"rendered":"<p>David&#8217;s death was unnecessary, it could be prevented, our family is living a nightmare from which we can&#8217;t wake up. Until now we have opened our eyes and we can see what we didn&#8217;t see before, now is too late for us, it&#8217;s too late for David, but is not late for you, please don&#8217;t fall asleep, be alert, don&#8217;t ignore any &#8220;insignificant&#8221; sign, for your own sake, but most of all for your children safety. This is happening more often of you can imagine, all over the world, is happening in our communities; most of the kids are well-behaved and successful children ages 11 to 18, but there are reported cases on children 6 to 19 years old. (APEAS France reports fatalities on children from 4 years up to 20)<\/p>\n<p>* \u00a0* \u00a0* \u00a0* \u00a0*<\/p>\n<p>La muerte de David fue una perdida innecesaria, se pudo haber prevenido, estamos viviendo una pesadilla de la que no podemos despertar; ahora ya hemos abierto los ojos y nos damos cuenta de lo que est\u00e1 pasando entre ni\u00f1os y j\u00f3venes, aunque ya es muy tarde para nosotros, ya es muy tarde para David, pero no para ustedes, no se duerman, despierten y est\u00e9n alertas, no se confien y pasen desapercibida cualquier se\u00f1al por insignificante que pudiera parecer, por su tranquilidad pero m\u00e1s a\u00fan por el bienestar de sus hijos. \u00a0Estas fatalidades\u00a0est\u00e1n ocurriendo con adolescentes de todo tipo de personalidad, ni\u00f1os modelos, inteligentes, con las mejores calificaciones, j\u00f3venes atletas y exitosos en la sociedad y acad\u00e9micamente.\u00a0El margen de edad es muy amplio, aunque mayormente sucede entre edades de 11 a 18, existen casos registrados alrededor del mundo de tragedias por el \u201cChoking Game\u201d en ni\u00f1os de 6 a 19 a\u00f1os de edad.\u00a0(APEAS Francia reporta fatalidades en ni\u00f1os desde los 4 a\u00f1os hasta los 20)<\/p>\n","protected":false},"excerpt":{"rendered":"<p>David&#8217;s death was unnecessary, it could be prevented, our family is living a nightmare from which we can&#8217;t wake up. Until now we have opened our eyes and we can see what we didn&#8217;t see before, now is too late for us, it&#8217;s too late for David, but is not late for you, please don&#8217;t [&hellip;]<\/p>\n","protected":false},"author":1,"featured_media":0,"parent":0,"menu_order":0,"comment_status":"closed","ping_status":"open","template":"","meta":{"footnotes":""},"_links":{"self":[{"href":"https:\/\/www.theninjamovement.org\/index.php?rest_route=\/wp\/v2\/pages\/2"}],"collection":[{"href":"https:\/\/www.theninjamovement.org\/index.php?rest_route=\/wp\/v2\/pages"}],"about":[{"href":"https:\/\/www.theninjamovement.org\/index.php?rest_route=\/wp\/v2\/types\/page"}],"author":[{"embeddable":true,"href":"https:\/\/www.theninjamovement.org\/index.php?rest_route=\/wp\/v2\/users\/1"}],"replies":[{"embeddable":true,"href":"https:\/\/www.theninjamovement.org\/index.php?rest_route=%2Fwp%2Fv2%2Fcomments&post=2"}],"version-history":[{"count":10,"href":"https:\/\/www.theninjamovement.org\/index.php?rest_route=\/wp\/v2\/pages\/2\/revisions"}],"predecessor-version":[{"id":304,"href":"https:\/\/www.theninjamovement.org\/index.php?rest_route=\/wp\/v2\/pages\/2\/revisions\/304"}],"wp:attachment":[{"href":"https:\/\/www.theninjamovement.org\/index.php?rest_route=%2Fwp%2Fv2%2Fmedia&parent=2"}],"curies":[{"name":"wp","href":"https:\/\/api.w.org\/{rel}","templated":true}]}}