{"id":184,"date":"2017-08-25T02:50:53","date_gmt":"2017-08-25T02:50:53","guid":{"rendered":"http:\/\/theninjamovement.org\/?page_id=184"},"modified":"2017-08-25T02:50:53","modified_gmt":"2017-08-25T02:50:53","slug":"por-que-el-ninja","status":"publish","type":"page","link":"https:\/\/www.theninjamovement.org\/?page_id=184","title":{"rendered":"Por Qu\u00e9 El Ninja"},"content":{"rendered":"<p>David Verduzco falleci\u00f3 tr\u00e1gicamente en la ciudad de Albuquerque a causa de asfixia accidental resultado de una peligrosa actividad entre los j\u00f3venes. David es una v\u00edctima m\u00e1s que se agrega a otras tragedias similares que est\u00e1n ocurriendo en todo el mundo, en Estados Unidos, e igualmente ocurren en nuestra comunidad. Est\u00e1 actividad es considerada por los j\u00f3venes como un juego, pero no es otra cosa m\u00e1s que un &#8220;juego mortal&#8221; es com\u00fanmente conocida como, &#8220;The Choking Game&#8221; (entre otra decena de <a href=\"http:\/\/theninjamovement.org\/?page_id=52\" target=\"_blank\" rel=\"noopener\">nombres<\/a>).<\/p>\n<p>David no era un muchacho curioso en buscar una aventura divertida o diferente, o de alguna experiencia \u00fanica en deportes extremos, tabaco alcohol o drogas.\u00a0A pesar de casi cumplir 19 a\u00f1os, su mente era limpia, sin malicia, odio o rencor, era &#8220;un adolescente con mente de un ni\u00f1o&#8221; no era tonto para ignorar que en el mundo exterior existe odio, maldad, violencia, sexo, pero \u00e9l decidi\u00f3 alejarse de toda esa maldad y refugiarse en su arte y sus sue\u00f1os de ser Ilustrador de ambiente para videojuegos y pel\u00edculas animadas (2D Concept Artist\/Illustrator)<\/p>\n<p>El \u00faltimo reporte de sus grados fueron solo A y B+, calificaciones que le valieron para obtener una ayuda financiera extra a la que se le hab\u00eda otorgado apenas un mes antes de su deceso. David estaba en su mejor momento, feliz en la universidad, feliz por lo que hac\u00eda, tranquilo, con muchos planes para el futuro, un futuro prometedor.<\/p>\n<h5>\u00bfPor Qu\u00e9 &#8220;The Ninja Movement&#8221;?<\/h5>\n<p>Un poco m\u00e1s de dos a\u00f1os atr\u00e1s David adopt\u00f3 el nombre de &#8220;David The Art Ninja&#8221; al abrir un espacio en Internet para compartir sus obras (DeviantArt), en el transcurso de los siguientes a\u00f1os estaba en busca de una firma original para sus obras de arte, finalmente en los \u00faltimos meses adopt\u00f3 el nombre de &#8220;David The Art Ninja&#8221; firmando as\u00ed sus m\u00e1s recientes obras de arte; por ello mismo decidimos usar en nuestra campa\u00f1a &#8220;The Ninja Movement&#8221; el mismo seud\u00f3nimo que eligi\u00f3, porque adem\u00e1s David fue un guerrero dedicado a aprender y mejorar sus t\u00e9cnicas de arte, atendiendo a la Universidad de Arte, terminando sus tareas antes de tiempo, pintando en &#8220;su tiempo extra&#8221;, adem\u00e1s con un trabajo de tiempo parcial para costear su material de arte y parte de su colegiatura; a\u00fan as\u00ed nunca lo escuch\u00e9 quejarse, demostrando de esta forma que era un guerrero incansable, un verdadero guerrero Ninja.<\/p>\n<p>Fatalidades como en la que pereci\u00f3 mi hijo David est\u00e1n ocurriendo con adolescentes de todo tipo de personalidad, ni\u00f1os modelos, inteligentes, con las mejores calificaciones, j\u00f3venes atletas y exitosos en la sociedad y acad\u00e9micamente.<br \/>\nEl margen de edad es muy amplio, aunque mayormente sucede entre edades de 11 a 18, existen casos registrados alrededor del mundo de tragedias por el &#8220;Choking Game&#8221; en ni\u00f1os de 6 a 19 a\u00f1os de edad. Sin duda muy alarmante.<\/p>\n<p>Existen reportes de tragedias en Europa, Africa, M\u00e9xico, Sudamerica y Estados Unidos, sucede por igual en nuestra comunidad de Albuquerque; ni\u00f1os y adolecentes que no saben del peligro al que se exponen al querer experimentar este llamado &#8220;juego&#8221; creyendo err\u00f3neamente que es una pr\u00e1ctica segura, sin saberlo o sin medir las consecuencias, juegan con su vida con m\u00ednimas probabilidades de ganar.<\/p>\n<p>La muerte de David fue una perdida innecesaria, se pudo haber prevenido, estamos viviendo una pesadilla de la que no podemos despertar; ahora que hemos abierto los ojos nos damos cuenta de lo que est\u00e1 pasando entre ni\u00f1os y j\u00f3venes, aunque ya es muy tarde para nosotros, ya es muy tarde para David, pero no es tarde para ustedes, no se duerman, despierten y est\u00e9n alertas, no pasen desapercibida cualquier se\u00f1al por insignificante que pudiera parecer, por su tranquilidad pero m\u00e1s a\u00fan por el bienestar de sus hijos<\/p>\n<p>Pasa la voz para prevenir tragedias, &#8220;NO M\u00c1S MUERTES INNECESARIAS, salvemos vidas de J\u00f3venes!&#8221;<\/p>\n","protected":false},"excerpt":{"rendered":"<p>David Verduzco falleci\u00f3 tr\u00e1gicamente en la ciudad de Albuquerque a causa de asfixia accidental resultado de una peligrosa actividad entre los j\u00f3venes. David es una v\u00edctima m\u00e1s que se agrega a otras tragedias similares que est\u00e1n ocurriendo en todo el mundo, en Estados Unidos, e igualmente ocurren en nuestra comunidad. Est\u00e1 actividad es considerada por [&hellip;]<\/p>\n","protected":false},"author":1,"featured_media":0,"parent":11,"menu_order":0,"comment_status":"closed","ping_status":"closed","template":"","meta":{"footnotes":""},"_links":{"self":[{"href":"https:\/\/www.theninjamovement.org\/index.php?rest_route=\/wp\/v2\/pages\/184"}],"collection":[{"href":"https:\/\/www.theninjamovement.org\/index.php?rest_route=\/wp\/v2\/pages"}],"about":[{"href":"https:\/\/www.theninjamovement.org\/index.php?rest_route=\/wp\/v2\/types\/page"}],"author":[{"embeddable":true,"href":"https:\/\/www.theninjamovement.org\/index.php?rest_route=\/wp\/v2\/users\/1"}],"replies":[{"embeddable":true,"href":"https:\/\/www.theninjamovement.org\/index.php?rest_route=%2Fwp%2Fv2%2Fcomments&post=184"}],"version-history":[{"count":1,"href":"https:\/\/www.theninjamovement.org\/index.php?rest_route=\/wp\/v2\/pages\/184\/revisions"}],"predecessor-version":[{"id":185,"href":"https:\/\/www.theninjamovement.org\/index.php?rest_route=\/wp\/v2\/pages\/184\/revisions\/185"}],"up":[{"embeddable":true,"href":"https:\/\/www.theninjamovement.org\/index.php?rest_route=\/wp\/v2\/pages\/11"}],"wp:attachment":[{"href":"https:\/\/www.theninjamovement.org\/index.php?rest_route=%2Fwp%2Fv2%2Fmedia&parent=184"}],"curies":[{"name":"wp","href":"https:\/\/api.w.org\/{rel}","templated":true}]}}